{"id":1648,"date":"2024-11-14T20:13:47","date_gmt":"2024-11-14T20:13:47","guid":{"rendered":"https:\/\/studenci-zagraniczni.umcs.pl\/?page_id=1648"},"modified":"2024-11-25T18:12:20","modified_gmt":"2024-11-25T18:12:20","slug":"monografia","status":"publish","type":"page","link":"https:\/\/studenci-zagraniczni.umcs.pl\/?page_id=1648","title":{"rendered":"Monografia"},"content":{"rendered":"<p>Organizatorzy planuj\u0105 wydanie publikacji pokonferencyjnej, kt\u00f3ra uka\u017ce si\u0119 w III-IV kwartale 2025 r. Szczeg\u00f3\u0142y dotycz\u0105ce zawarto\u015bci i termin\u00f3w zostan\u0105 podane na stronie wkr\u00f3tce.<\/p>\n<p>&nbsp;<\/p>\n","protected":false},"excerpt":{"rendered":"<p>Organizatorzy planuj\u0105 wydanie publikacji pokonferencyjnej, kt\u00f3ra uka\u017ce si\u0119 w III-IV kwartale 2025 r. Szczeg\u00f3\u0142y dotycz\u0105ce zawarto\u015bci i termin\u00f3w zostan\u0105 podane na stronie wkr\u00f3tce. &nbsp;<\/p>\n","protected":false},"author":1,"featured_media":0,"parent":0,"menu_order":0,"comment_status":"closed","ping_status":"closed","template":"","meta":{"footnotes":""},"class_list":["post-1648","page","type-page","status-publish","hentry"],"_links":{"self":[{"href":"https:\/\/studenci-zagraniczni.umcs.pl\/index.php?rest_route=\/wp\/v2\/pages\/1648","targetHints":{"allow":["GET"]}}],"collection":[{"href":"https:\/\/studenci-zagraniczni.umcs.pl\/index.php?rest_route=\/wp\/v2\/pages"}],"about":[{"href":"https:\/\/studenci-zagraniczni.umcs.pl\/index.php?rest_route=\/wp\/v2\/types\/page"}],"author":[{"embeddable":true,"href":"https:\/\/studenci-zagraniczni.umcs.pl\/index.php?rest_route=\/wp\/v2\/users\/1"}],"replies":[{"embeddable":true,"href":"https:\/\/studenci-zagraniczni.umcs.pl\/index.php?rest_route=%2Fwp%2Fv2%2Fcomments&post=1648"}],"version-history":[{"count":2,"href":"https:\/\/studenci-zagraniczni.umcs.pl\/index.php?rest_route=\/wp\/v2\/pages\/1648\/revisions"}],"predecessor-version":[{"id":1842,"href":"https:\/\/studenci-zagraniczni.umcs.pl\/index.php?rest_route=\/wp\/v2\/pages\/1648\/revisions\/1842"}],"wp:attachment":[{"href":"https:\/\/studenci-zagraniczni.umcs.pl\/index.php?rest_route=%2Fwp%2Fv2%2Fmedia&parent=1648"}],"curies":[{"name":"wp","href":"https:\/\/api.w.org\/{rel}","templated":true}]}}