{"id":1646,"date":"2024-11-14T20:13:34","date_gmt":"2024-11-14T20:13:34","guid":{"rendered":"https:\/\/studenci-zagraniczni.umcs.pl\/?page_id=1646"},"modified":"2024-11-25T18:17:38","modified_gmt":"2024-11-25T18:17:38","slug":"komitet-naukowy","status":"publish","type":"page","link":"https:\/\/studenci-zagraniczni.umcs.pl\/?page_id=1646","title":{"rendered":"Komitet programowy"},"content":{"rendered":"<div>prof. dr hab. Marek Pietra\u015b &#8211; Przewodnicz\u0105cy<\/div>\n<div>prof. dr hab. Dorota Ko\u0142ody\u0144ska<\/div>\n<div>dr Ewelina Panas<\/div>\n<div>dr Olga Pliszczy\u0144ska-Mokijewska<\/div>\n<div>mgr Alicja Borz\u0119cka-Szajner<\/div>\n<div><\/div>\n","protected":false},"excerpt":{"rendered":"<p>prof. dr hab. Marek Pietra\u015b &#8211; Przewodnicz\u0105cy prof. dr hab. Dorota Ko\u0142ody\u0144ska dr Ewelina Panas dr Olga Pliszczy\u0144ska-Mokijewska mgr Alicja Borz\u0119cka-Szajner<\/p>\n","protected":false},"author":1,"featured_media":0,"parent":0,"menu_order":0,"comment_status":"closed","ping_status":"closed","template":"","meta":{"footnotes":""},"class_list":["post-1646","page","type-page","status-publish","hentry"],"_links":{"self":[{"href":"https:\/\/studenci-zagraniczni.umcs.pl\/index.php?rest_route=\/wp\/v2\/pages\/1646","targetHints":{"allow":["GET"]}}],"collection":[{"href":"https:\/\/studenci-zagraniczni.umcs.pl\/index.php?rest_route=\/wp\/v2\/pages"}],"about":[{"href":"https:\/\/studenci-zagraniczni.umcs.pl\/index.php?rest_route=\/wp\/v2\/types\/page"}],"author":[{"embeddable":true,"href":"https:\/\/studenci-zagraniczni.umcs.pl\/index.php?rest_route=\/wp\/v2\/users\/1"}],"replies":[{"embeddable":true,"href":"https:\/\/studenci-zagraniczni.umcs.pl\/index.php?rest_route=%2Fwp%2Fv2%2Fcomments&post=1646"}],"version-history":[{"count":5,"href":"https:\/\/studenci-zagraniczni.umcs.pl\/index.php?rest_route=\/wp\/v2\/pages\/1646\/revisions"}],"predecessor-version":[{"id":1846,"href":"https:\/\/studenci-zagraniczni.umcs.pl\/index.php?rest_route=\/wp\/v2\/pages\/1646\/revisions\/1846"}],"wp:attachment":[{"href":"https:\/\/studenci-zagraniczni.umcs.pl\/index.php?rest_route=%2Fwp%2Fv2%2Fmedia&parent=1646"}],"curies":[{"name":"wp","href":"https:\/\/api.w.org\/{rel}","templated":true}]}}