{"id":1644,"date":"2024-11-14T20:13:05","date_gmt":"2024-11-14T20:13:05","guid":{"rendered":"https:\/\/studenci-zagraniczni.umcs.pl\/?page_id=1644"},"modified":"2024-11-20T13:32:28","modified_gmt":"2024-11-20T13:32:28","slug":"rejestracja","status":"publish","type":"page","link":"https:\/\/studenci-zagraniczni.umcs.pl\/?page_id=1644","title":{"rendered":"Rejestracja"},"content":{"rendered":"\n<p><\/p>\n\n\n\n<p class=\"has-large-font-size\"><\/p>\n\n\n\n<p class=\"has-medium-font-size\"><strong>-> <\/strong><a href=\"https:\/\/www.umcs.pl\/pl\/enqForm,formularz-rejestracyjny-na-konferencje-studenci-zagraniczni-w-lublinie-potencjal-doswiadczen-i-nowe-perspektywy-,2051.html\" target=\"_blank\" rel=\"noreferrer noopener\"><strong>Formularz rejestracyjny<\/strong><\/a><br><\/p>\n\n\n\n<p class=\"has-medium-font-size\"><strong>Klauzula Informacyjna RODO<\/strong><\/p>\n\n\n\n<p><\/p>\n\n\n\n<p class=\"has-medium-font-size\">Administratorem danych os\u00f3b bior\u0105cych udzia\u0142 w konferencji pt. &#8222;Studenci zagraniczni w Lublinie \u2013 potencja\u0142 do\u015bwiadcze\u0144 i nowe perspektywy&#8221; jest Uniwersytet Marii Curie-Sk\u0142odowskiej (UMCS), z siedzib\u0105 w Lublinie, przy pl. Marii Curie-Sk\u0142odowskiej 5, 20-031 Lublin. Dane osobowe podane w umowie podawane s\u0105 dobrowolnie, niemniej bez ich podania nie jest mo\u017cliwy udzia\u0142 w Konferencji. Zbierane s\u0105 one przez UMCS wy\u0142\u0105cznie w celu ich przetwarzania w okresie realizacji Konferencji oraz do cel\u00f3w promocyjnych, naukowych, informacyjnych o wydarzeniu, a tak\u017ce o kolejnych edycjach. Pa\u0144stwa dane b\u0119d\u0105 przetwarzane na podstawie:<\/p>\n\n\n\n<ul class=\"wp-block-list\">\n<li class=\"has-medium-font-size\">art. 6 ust. 1 lit. a RODO &#8211; wyra\u017conej przez Pa\u0144stwo zgody na przetwarzanie,<\/li>\n\n\n\n<li class=\"has-medium-font-size\">art. 6 ust. 1 lit. e RODO \u2013 przetwarzanie jest niezb\u0119dne do wykonania zadania realizowanego w interesie publicznym, w zakresie niezb\u0119dnym do zapewnienia rozwoju nauki i innowacyjno\u015bci gospodarki;<\/li>\n\n\n\n<li class=\"has-medium-font-size\">art. 6 ust. 1 lit. f RODO \u2013 przetwarzanie jest niezb\u0119dne do cel\u00f3w wynikaj\u0105cych z prawnie uzasadnionych interes\u00f3w realizowanych przez administratora.<\/li>\n<\/ul>\n\n\n\n<p class=\"has-medium-font-size\">Dane nie b\u0119d\u0105 podlega\u0142y dalszemu przetwarzaniu ani poddawane profilowaniu, nie b\u0119d\u0105 r\u00f3wnie\u017c w oparciu o nie podejmowane decyzje w spos\u00f3b zautomatyzowany. Dane w uzasadnionych przypadkach mog\u0105 by\u0107 udost\u0119pniane odbiorcom zewn\u0119trznym, Dane nie b\u0119d\u0105 przesy\u0142ane do pa\u0144stw trzecich i organizacji mi\u0119dzynarodowych. Pa\u0144stwa dane b\u0119d\u0105 przetwarzane i przechowywane przez okres niezb\u0119dny do realizacji cel\u00f3w okre\u015blonych powy\u017cej. Administrator danych osobowych powo\u0142a\u0142 osob\u0119 nadzoruj\u0105c\u0105 prawid\u0142owo\u015b\u0107 przetwarzania danych osobowych, z kt\u00f3r\u0105 mo\u017cna skontaktowa\u0107 si\u0119 pod adresem&nbsp;<a href=\"mailto:iod@mail.umcs.pl\">iod@mail.umcs.pl<\/a>.<\/p>\n\n\n\n<p class=\"has-medium-font-size\">Administrator b\u0119dzie przetwarza\u0142 Pa\u0144stwa dane osobowe podane w formularzu a tak\u017ce Pa\u0144stwa wizerunek zgodnie z udzielon\u0105 zgod\u0105, w zwi\u0105zku z tym przys\u0142uguje Pa\u0144stwu prawo do:<\/p>\n\n\n\n<ul class=\"wp-block-list\">\n<li class=\"has-medium-font-size\">dost\u0119pu do danych oraz otrzymania ich kopii;<\/li>\n\n\n\n<li class=\"has-medium-font-size\">sprostowania (poprawiania) swoich danych osobowych;<\/li>\n\n\n\n<li class=\"has-medium-font-size\">ograniczenia przetwarzania danych osobowych;<\/li>\n\n\n\n<li class=\"has-medium-font-size\">usuni\u0119cia danych osobowych (z zastrze\u017ceniem art. 17 ust. 3 RODO);<\/li>\n\n\n\n<li class=\"has-medium-font-size\">cofni\u0119cia zgody na przetwarzanie danych, je\u017celi zosta\u0142a wyra\u017cona;<\/li>\n\n\n\n<li class=\"has-medium-font-size\">wniesienia skargi do Prezesa Urz\u0119du Ochrony Danych, je\u017celi uznaj\u0105 Pa\u0144stwo, \u017ce przetwarzanie danych osobowych narusza przepisy prawa w zakresie ochrony danych osobowych.<\/li>\n<\/ul>\n\n\n\n<p><\/p>\n\n\n\n<p class=\"has-medium-font-size\">Zgod\u0119 wyra\u017con\u0105 na podstawie art. 6 ust. 1 lit. a RODO mo\u017cna wycofa\u0107 w ka\u017cdym czasie, przy czym wycofanie zgody nie wp\u0142ywa na zgodno\u015b\u0107 z prawem przetwarzania, kt\u00f3rego dokonano na podstawie zgody przed jej wycofaniem.<br><\/p>\n\n\n\n<p class=\"has-medium-font-size\"><strong>-> <\/strong><a href=\"https:\/\/www.umcs.pl\/pl\/enqForm,formularz-rejestracyjny-na-konferencje-studenci-zagraniczni-w-lublinie-potencjal-doswiadczen-i-nowe-perspektywy-,2051.html\" target=\"_blank\" rel=\"noreferrer noopener\"><strong>Formularz rejestracyjny<\/strong><\/a><\/p>\n\n\n\n<p><\/p>\n\n\n\n<p><\/p>\n","protected":false},"excerpt":{"rendered":"<p>-> Formularz rejestracyjny Klauzula Informacyjna RODO Administratorem danych os\u00f3b bior\u0105cych udzia\u0142 w konferencji pt. &#8222;Studenci zagraniczni w Lublinie \u2013 potencja\u0142 do\u015bwiadcze\u0144 i nowe perspektywy&#8221; jest Uniwersytet Marii Curie-Sk\u0142odowskiej (UMCS), z siedzib\u0105 w Lublinie, przy pl. Marii Curie-Sk\u0142odowskiej 5, 20-031 Lublin. Dane osobowe podane w umowie podawane s\u0105 dobrowolnie, niemniej bez ich podania nie jest mo\u017cliwy [&hellip;]<\/p>\n","protected":false},"author":1,"featured_media":0,"parent":0,"menu_order":0,"comment_status":"closed","ping_status":"closed","template":"","meta":{"footnotes":""},"class_list":["post-1644","page","type-page","status-publish","hentry"],"_links":{"self":[{"href":"https:\/\/studenci-zagraniczni.umcs.pl\/index.php?rest_route=\/wp\/v2\/pages\/1644","targetHints":{"allow":["GET"]}}],"collection":[{"href":"https:\/\/studenci-zagraniczni.umcs.pl\/index.php?rest_route=\/wp\/v2\/pages"}],"about":[{"href":"https:\/\/studenci-zagraniczni.umcs.pl\/index.php?rest_route=\/wp\/v2\/types\/page"}],"author":[{"embeddable":true,"href":"https:\/\/studenci-zagraniczni.umcs.pl\/index.php?rest_route=\/wp\/v2\/users\/1"}],"replies":[{"embeddable":true,"href":"https:\/\/studenci-zagraniczni.umcs.pl\/index.php?rest_route=%2Fwp%2Fv2%2Fcomments&post=1644"}],"version-history":[{"count":9,"href":"https:\/\/studenci-zagraniczni.umcs.pl\/index.php?rest_route=\/wp\/v2\/pages\/1644\/revisions"}],"predecessor-version":[{"id":1701,"href":"https:\/\/studenci-zagraniczni.umcs.pl\/index.php?rest_route=\/wp\/v2\/pages\/1644\/revisions\/1701"}],"wp:attachment":[{"href":"https:\/\/studenci-zagraniczni.umcs.pl\/index.php?rest_route=%2Fwp%2Fv2%2Fmedia&parent=1644"}],"curies":[{"name":"wp","href":"https:\/\/api.w.org\/{rel}","templated":true}]}}