{"id":1642,"date":"2024-11-14T20:12:53","date_gmt":"2024-11-14T20:12:53","guid":{"rendered":"https:\/\/studenci-zagraniczni.umcs.pl\/?page_id=1642"},"modified":"2024-11-25T18:10:03","modified_gmt":"2024-11-25T18:10:03","slug":"miejsce-konferencji","status":"publish","type":"page","link":"https:\/\/studenci-zagraniczni.umcs.pl\/?page_id=1642","title":{"rendered":"Miejsce konferencji"},"content":{"rendered":"\n<p><\/p>\n\n\n\n<p>Instytut Stosunk\u00f3w Mi\u0119dzynarodowych<\/p>\n\n\n\n<p>Wydzia\u0142 Politologii i Dziennikarstwa UMCS w Lublinie<\/p>\n\n\n\n<p>ul. G\u0142\u0119boka 45, aula A.108, A.109<\/p>\n\n\n\n<p>20-612 Lublin<\/p>\n\n\n\n<figure class=\"wp-block-image size-large\"><img loading=\"lazy\" decoding=\"async\" width=\"1024\" height=\"575\" src=\"https:\/\/studenci-zagraniczni.umcs.pl\/wp-content\/uploads\/2024\/11\/UMCS-49-1024x575.jpg\" alt=\"\" class=\"wp-image-1679\" srcset=\"https:\/\/studenci-zagraniczni.umcs.pl\/wp-content\/uploads\/2024\/11\/UMCS-49-1024x575.jpg 1024w, https:\/\/studenci-zagraniczni.umcs.pl\/wp-content\/uploads\/2024\/11\/UMCS-49-300x169.jpg 300w, https:\/\/studenci-zagraniczni.umcs.pl\/wp-content\/uploads\/2024\/11\/UMCS-49-768x432.jpg 768w, https:\/\/studenci-zagraniczni.umcs.pl\/wp-content\/uploads\/2024\/11\/UMCS-49-1536x863.jpg 1536w, https:\/\/studenci-zagraniczni.umcs.pl\/wp-content\/uploads\/2024\/11\/UMCS-49-2048x1151.jpg 2048w\" sizes=\"auto, (max-width: 1024px) 100vw, 1024px\" \/><\/figure>\n\n\n\n<p><\/p>\n","protected":false},"excerpt":{"rendered":"<p>Instytut Stosunk\u00f3w Mi\u0119dzynarodowych Wydzia\u0142 Politologii i Dziennikarstwa UMCS w Lublinie ul. G\u0142\u0119boka 45, aula A.108, A.109 20-612 Lublin<\/p>\n","protected":false},"author":1,"featured_media":0,"parent":0,"menu_order":0,"comment_status":"closed","ping_status":"closed","template":"","meta":{"footnotes":""},"class_list":["post-1642","page","type-page","status-publish","hentry"],"_links":{"self":[{"href":"https:\/\/studenci-zagraniczni.umcs.pl\/index.php?rest_route=\/wp\/v2\/pages\/1642","targetHints":{"allow":["GET"]}}],"collection":[{"href":"https:\/\/studenci-zagraniczni.umcs.pl\/index.php?rest_route=\/wp\/v2\/pages"}],"about":[{"href":"https:\/\/studenci-zagraniczni.umcs.pl\/index.php?rest_route=\/wp\/v2\/types\/page"}],"author":[{"embeddable":true,"href":"https:\/\/studenci-zagraniczni.umcs.pl\/index.php?rest_route=\/wp\/v2\/users\/1"}],"replies":[{"embeddable":true,"href":"https:\/\/studenci-zagraniczni.umcs.pl\/index.php?rest_route=%2Fwp%2Fv2%2Fcomments&post=1642"}],"version-history":[{"count":4,"href":"https:\/\/studenci-zagraniczni.umcs.pl\/index.php?rest_route=\/wp\/v2\/pages\/1642\/revisions"}],"predecessor-version":[{"id":1841,"href":"https:\/\/studenci-zagraniczni.umcs.pl\/index.php?rest_route=\/wp\/v2\/pages\/1642\/revisions\/1841"}],"wp:attachment":[{"href":"https:\/\/studenci-zagraniczni.umcs.pl\/index.php?rest_route=%2Fwp%2Fv2%2Fmedia&parent=1642"}],"curies":[{"name":"wp","href":"https:\/\/api.w.org\/{rel}","templated":true}]}}