{"id":1640,"date":"2024-11-14T20:12:31","date_gmt":"2024-11-14T20:12:31","guid":{"rendered":"https:\/\/studenci-zagraniczni.umcs.pl\/?page_id=1640"},"modified":"2024-12-04T08:33:19","modified_gmt":"2024-12-04T08:33:19","slug":"program","status":"publish","type":"page","link":"https:\/\/studenci-zagraniczni.umcs.pl\/?page_id=1640","title":{"rendered":"Program konferencji"},"content":{"rendered":"<p><strong>9:00 &#8211; 9:30<\/strong> | <strong>Rejestracja uczestnik\u00f3w<\/strong><\/p>\n<p><strong>9:30 &#8211; 10:00<\/strong> | <strong>Otwarcie konferencji<\/strong><\/p>\n<p><strong>10:00 &#8211; 11:30<\/strong> | <strong>SESJA I: Szanse, wyzwania i zagro\u017cenia zwi\u0105zane z pozyskiwaniem student\u00f3w zagranicznych<\/strong><\/p>\n<p>Moderator \u2013 prof. dr hab. Dorota Ko\u0142ody\u0144ska, Prorektor ds. student\u00f3w i jako\u015bci kszta\u0142cenia, Uniwersytet Marii Curie-Sk\u0142odowskiej w Lublinie<\/p>\n<p>M\u00f3wcy:<\/p>\n<ul>\n<li>dr Maria Mazur, Pe\u0142nomocnik Wojewody Lubelskiego do Spraw Proces\u00f3w Migracyjnych i Integracji, Rektor Wy\u017cszej Szko\u0142y Przedsi\u0119biorczo\u015bci i Administracji w Lublinie<\/li>\n<li>Dariusz Sala, Dyrektor Wydzia\u0142u Spraw Obywatelskich i Cudzoziemc\u00f3w, Lubelski Urz\u0105d Wojew\u00f3dzki<\/li>\n<li>Hanna Reczulska, Dyrektorka Biura Uznawalno\u015bci Wykszta\u0142cenia, Narodowa Agencja Wymiany Akademickiej<\/li>\n<li>Damian G\u0105ga\u0142a, Departament Konsularny, Ministerstwo Spraw Zagranicznych<\/li>\n<li>Julia \u0141ysik, Dyrektorka ds. mi\u0119dzynarodowych, Fundacja Edukacyjna &#8222;Perspektywy&#8221;<\/li>\n<li>Liliana Lato, Dyrektorka Biura Wsp\u00f3\u0142pracy z Zagranic\u0105, Uniwersytet \u0141\u00f3dzki<\/li>\n<li>Magdalena Sta\u015bkiewicz, Kierowniczka Dzia\u0142u Innowacyjnej Edukacji, Uniwersytet Medyczny w Lublinie<\/li>\n<\/ul>\n<p><strong>11:30 &#8211; 12:00<\/strong> | <strong>Przerwa kawowa<\/strong><\/p>\n<p><strong>12:00 &#8211; 13:30<\/strong> | <strong>SESJA II:\u00a0 Wsparcie dla student\u00f3w zagranicznych<\/strong><\/p>\n<p>Moderator &#8211; Ewa Kiszka, Przewodnicz\u0105ca IROs Forum, Kierowniczka Biura ds. Umi\u0119dzynarodowienia Uczelni, Gda\u0144ski Uniwersytet Medyczny<\/p>\n<p>M\u00f3wcy:<\/p>\n<ul>\n<li>Magdalena Kachnowicz, Dyrektorka Biura Program\u00f3w dla Student\u00f3w, Narodowa Agencja Wymiany Akademickiej<\/li>\n<li>Wiktoria Herun, Zast\u0119pczyni Dyrektora wspierania akademicko\u015bci i\u00a0promocji gospodarczej, Urz\u0105d Miasta Lublin<\/li>\n<li>Alicja Borz\u0119cka-Szajner, Dyrektorka Centrum Kszta\u0142cenia i Obs\u0142ugi Studi\u00f3w, Uniwersytet Marii Curie-Sk\u0142odowskiej w Lublinie<\/li>\n<li>dr Celina Handzel, Kierowniczka Biura Kszta\u0142cenia Mi\u0119dzynarodowego, Politechnika Lubelska<\/li>\n<li>Agnieszka Wasilak, Dzia\u0142 Rekrutacji i Promocji, Uniwersytet Przyrodniczy w Lublinie<\/li>\n<li>Volodymyr Vityk, student na kierunku International Relations, Uniwersytet Marii Curie-Sk\u0142odowskiej w Lublinie<\/li>\n<\/ul>\n<p><strong>13:30 &#8211; 14:30<\/strong> | <strong>Lunch <\/strong><\/p>\n<p><strong>14:30 &#8211; 16:00<\/strong> | <strong>SESJA III: Wk\u0142ad student\u00f3w, absolwent\u00f3w i kadry zagranicznej w rozw\u00f3j miasta i regionu<\/strong><\/p>\n<p>Moderator &#8211; dr Julita A. Rybczy\u0144ska, Instytut Stosunk\u00f3w Mi\u0119dzynarodowych, Uniwersytet Marii Curie-Sk\u0142odowskiej w Lublinie<\/p>\n<p>M\u00f3wcy:<\/p>\n<ul>\n<li>Beata Stepaniuk-Ku\u015bmierzak, Zast\u0119pca Prezydenta ds. Kultury, Sportu i Partycypacji, Urz\u0105d Miasta Lublin<\/li>\n<li>dr Piotr K\u0119pski, Dyrektor Biura Program\u00f3w dla Instytucji, Narodowa Agencja Wymiany Akademickiej<\/li>\n<li>Krzysztof Stanowski, Dyrektor Centrum Wsp\u00f3\u0142pracy Mi\u0119dzynarodowej, Urz\u0105d Miasta Lublin<\/li>\n<li>Anna Kiryjow-Radzka, Prezeska Stowarzyszenia PR i Promocji Uczelni Polskich \u201ePRom\u201d, ekspertka PR w Szkole G\u0142\u00f3wnej Gospodarstwa Wiejskiego w Warszawie<\/li>\n<li>dr Ewelina Panas, Kierownik Pracowni Umi\u0119dzynarodowienia Szkolnictwa Wy\u017cszego, Uniwersytet Marii Curie-Sk\u0142odowskiej w Lublinie<\/li>\n<li>dr Olga Pliszczy\u0144ska-Mokijewska, Dyrektorka Centrum Wsp\u00f3\u0142pracy Mi\u0119dzynarodowej, Uniwersytet Marii Curie-Sk\u0142odowskiej w Lublinie<\/li>\n<\/ul>\n<p><strong>16:00 &#8211; 16:30<\/strong> | <strong>Przerwa kawowa<\/strong><\/p>\n<p><strong>16:30 &#8211; 18:00<\/strong> | <strong>SESJA IV: <\/strong><strong>Mi\u0119dzynarodowa wsp\u00f3\u0142praca akademicka w globalnej i europejskiej przestrzeni edukacyjnej i badawczej \u2013 do\u015bwiadczenia i nowe perspektywy <\/strong><\/p>\n<p>Moderator \u2013 prof. dr hab. Marek Pietra\u015b, Dyrektor Instytutu Stosunk\u00f3w Mi\u0119dzynarodowych, Uniwersytet Marii Curie-Sk\u0142odowskiej w Lublinie<\/p>\n<p>M\u00f3wcy:<\/p>\n<ul>\n<li>prof. dr hab. Andrzej Szeptycki, Podsekretarz Stanu, Ministerstwo Nauki i Szkolnictwa Wy\u017cszego<\/li>\n<li>dr Wojciech Karczewski, Dyrektor Narodowej Agencji Wymiany Akademickiej<\/li>\n<li>prof. dr hab. Rados\u0142aw Dobrowolski, Rektor Uniwersytetu Marii Curie-Sk\u0142odowskiej w Lublinie<\/li>\n<li>prof. dr hab. Mariusz Pop\u0142awski, Rektor Uniwersytetu w Bia\u0142ymstoku<\/li>\n<li>prof. Kseniia Smyrnova, Prorektor ds. wsp\u00f3\u0142pracy mi\u0119dzynarodowej, Kijowski Uniwersytet Narodowy im. Tarasa Szewczenki<\/li>\n<li>prof. dr hab. in\u017c. Pawe\u0142 Dro\u017adziel, Prorektor ds. studenckich, Politechnika Lubelska<\/li>\n<li>dr hab. Urszula Kosior-Korzecka, prof. UP, Prorektor ds. studenckich i dydaktyki, Uniwersytet Przyrodniczy w Lublinie<\/li>\n<li>dr hab. Beata Piskorska, prof. KUL, Prorektor ds. student\u00f3w i umi\u0119dzynarodowienia, Katolicki Uniwersytet Lubelski<\/li>\n<li>prof. dr hab. n. med. Kamil Torres, Prorektor ds. kszta\u0142cenia i dydaktyki, Uniwersytet Medyczny w Lublinie<\/li>\n<li>prof. dr hab. n. med. Jarogniew \u0141uszczki, Prorektor ds. nauki, Uniwersytet Medyczny w Lublinie<\/li>\n<li>Waldemar Siwi\u0144ski, Prezes-Za\u0142o\u017cyciel Fundacji Edukacyjnej \u201ePerspektywy\u201d<\/li>\n<\/ul>\n<p><strong>18:00 &#8211; 18:30<\/strong> | <strong>Podsumowanie konferencji<\/strong><\/p>\n<p><strong>18:30 <\/strong>| <strong>Kolacja<\/strong><\/p>\n<p>&nbsp;<\/p>\n<p><strong><a href=\"https:\/\/studenci-zagraniczni.umcs.pl\/?page_id=1879\">\u041f\u0440\u043e\u0433\u0440\u0430\u043c\u0430 \u043a\u043e\u043d\u0444\u0435\u0440\u0435\u043d\u0446\u0456\u0457<\/a><\/strong><\/p>\n<p>&nbsp;<\/p>\n","protected":false},"excerpt":{"rendered":"<p>9:00 &#8211; 9:30 | Rejestracja uczestnik\u00f3w 9:30 &#8211; 10:00 | Otwarcie konferencji 10:00 &#8211; 11:30 | SESJA I: Szanse, wyzwania i zagro\u017cenia zwi\u0105zane z pozyskiwaniem student\u00f3w zagranicznych Moderator \u2013 prof. dr hab. Dorota Ko\u0142ody\u0144ska, Prorektor ds. student\u00f3w i jako\u015bci kszta\u0142cenia, Uniwersytet Marii Curie-Sk\u0142odowskiej w Lublinie M\u00f3wcy: dr Maria Mazur, Pe\u0142nomocnik Wojewody Lubelskiego do Spraw Proces\u00f3w [&hellip;]<\/p>\n","protected":false},"author":1,"featured_media":0,"parent":0,"menu_order":0,"comment_status":"closed","ping_status":"closed","template":"","meta":{"footnotes":""},"class_list":["post-1640","page","type-page","status-publish","hentry"],"_links":{"self":[{"href":"https:\/\/studenci-zagraniczni.umcs.pl\/index.php?rest_route=\/wp\/v2\/pages\/1640","targetHints":{"allow":["GET"]}}],"collection":[{"href":"https:\/\/studenci-zagraniczni.umcs.pl\/index.php?rest_route=\/wp\/v2\/pages"}],"about":[{"href":"https:\/\/studenci-zagraniczni.umcs.pl\/index.php?rest_route=\/wp\/v2\/types\/page"}],"author":[{"embeddable":true,"href":"https:\/\/studenci-zagraniczni.umcs.pl\/index.php?rest_route=\/wp\/v2\/users\/1"}],"replies":[{"embeddable":true,"href":"https:\/\/studenci-zagraniczni.umcs.pl\/index.php?rest_route=%2Fwp%2Fv2%2Fcomments&post=1640"}],"version-history":[{"count":25,"href":"https:\/\/studenci-zagraniczni.umcs.pl\/index.php?rest_route=\/wp\/v2\/pages\/1640\/revisions"}],"predecessor-version":[{"id":1882,"href":"https:\/\/studenci-zagraniczni.umcs.pl\/index.php?rest_route=\/wp\/v2\/pages\/1640\/revisions\/1882"}],"wp:attachment":[{"href":"https:\/\/studenci-zagraniczni.umcs.pl\/index.php?rest_route=%2Fwp%2Fv2%2Fmedia&parent=1640"}],"curies":[{"name":"wp","href":"https:\/\/api.w.org\/{rel}","templated":true}]}}