{"id":1638,"date":"2024-11-14T20:12:09","date_gmt":"2024-11-14T20:12:09","guid":{"rendered":"https:\/\/studenci-zagraniczni.umcs.pl\/?page_id=1638"},"modified":"2024-11-25T18:28:28","modified_gmt":"2024-11-25T18:28:28","slug":"o-konferencji","status":"publish","type":"page","link":"https:\/\/studenci-zagraniczni.umcs.pl\/?page_id=1638","title":{"rendered":"O konferencji"},"content":{"rendered":"<p style=\"text-align: center;\">Podsekretarz Stanu w Ministerstwie Nauki i Szkolnictwa Wy\u017cszego<br \/>\n<strong>prof. dr hab. Andrzej Szeptycki<\/strong><\/p>\n<p style=\"text-align: center;\">Rektor<br \/>\nUniwersytetu Marii Curie-Sk\u0142odowskiej w Lublinie<br \/>\n<strong>prof. dr hab. Rados\u0142aw Dobrowolski<\/strong><\/p>\n<p style=\"text-align: center;\">oraz<\/p>\n<p style=\"text-align: center;\">Dyrektor Instytutu Stosunk\u00f3w Mi\u0119dzynarodowych<br \/>\nUniwersytetu Marii Curie-Sk\u0142odowskiej w Lublinie<br \/>\n<strong>prof. dr hab. Marek Pietra\u015b<\/strong><\/p>\n<p style=\"text-align: center;\">maj\u0105 zaszczyt zaprosi\u0107 do udzia\u0142u w konferencji<br \/>\n\u201eStudenci zagraniczni w Lublinie \u2013 potencja\u0142 do\u015bwiadcze\u0144 i nowe perspektywy\u201d<br \/>\n5 grudnia 2024 roku<br \/>\nWydzia\u0142 Politologii i Dziennikarstwa UMCS w Lublinie<br \/>\nul. G\u0142\u0119boka 45, aula A.108, A.109<\/p>\n<p class=\"docx_normalnyweb\" style=\"text-align: center;\">Wydarzenie to jest wyj\u0105tkowe. Jest to pierwsza o tej tematyce konferencja w \u015brodowisku akademickim Lublina z uwzgl\u0119dnieniem szerszego kontekstu samorz\u0105dowego, spo\u0142ecznego i og\u00f3lnopa\u0144stwowego. Celem jest ocena osi\u0105gnie\u0107, wymiana do\u015bwiadcze\u0144 i wskazanie perspektyw umi\u0119dzynarodowienia szkolnictwa wy\u017cszego Lublina z uwzgl\u0119dnieniem priorytet\u00f3w pa\u0144stwa i zmieniaj\u0105cego si\u0119 \u015bwiata. W konferencji wezm\u0105 udzia\u0142 przedstawiciele uczelni wy\u017cszych, instytucji rz\u0105dowych i samorz\u0105dowych oraz zaproszeni go\u015bcie z Polski i zagranicy.<\/p>\n","protected":false},"excerpt":{"rendered":"<p>Podsekretarz Stanu w Ministerstwie Nauki i Szkolnictwa Wy\u017cszego prof. dr hab. Andrzej Szeptycki Rektor Uniwersytetu Marii Curie-Sk\u0142odowskiej w Lublinie prof. dr hab. Rados\u0142aw Dobrowolski oraz Dyrektor Instytutu Stosunk\u00f3w Mi\u0119dzynarodowych Uniwersytetu Marii Curie-Sk\u0142odowskiej w Lublinie prof. dr hab. Marek Pietra\u015b maj\u0105 zaszczyt zaprosi\u0107 do udzia\u0142u w konferencji \u201eStudenci zagraniczni w Lublinie \u2013 potencja\u0142 do\u015bwiadcze\u0144 i nowe [&hellip;]<\/p>\n","protected":false},"author":1,"featured_media":0,"parent":0,"menu_order":0,"comment_status":"closed","ping_status":"closed","template":"","meta":{"footnotes":""},"class_list":["post-1638","page","type-page","status-publish","hentry"],"_links":{"self":[{"href":"https:\/\/studenci-zagraniczni.umcs.pl\/index.php?rest_route=\/wp\/v2\/pages\/1638","targetHints":{"allow":["GET"]}}],"collection":[{"href":"https:\/\/studenci-zagraniczni.umcs.pl\/index.php?rest_route=\/wp\/v2\/pages"}],"about":[{"href":"https:\/\/studenci-zagraniczni.umcs.pl\/index.php?rest_route=\/wp\/v2\/types\/page"}],"author":[{"embeddable":true,"href":"https:\/\/studenci-zagraniczni.umcs.pl\/index.php?rest_route=\/wp\/v2\/users\/1"}],"replies":[{"embeddable":true,"href":"https:\/\/studenci-zagraniczni.umcs.pl\/index.php?rest_route=%2Fwp%2Fv2%2Fcomments&post=1638"}],"version-history":[{"count":11,"href":"https:\/\/studenci-zagraniczni.umcs.pl\/index.php?rest_route=\/wp\/v2\/pages\/1638\/revisions"}],"predecessor-version":[{"id":1855,"href":"https:\/\/studenci-zagraniczni.umcs.pl\/index.php?rest_route=\/wp\/v2\/pages\/1638\/revisions\/1855"}],"wp:attachment":[{"href":"https:\/\/studenci-zagraniczni.umcs.pl\/index.php?rest_route=%2Fwp%2Fv2%2Fmedia&parent=1638"}],"curies":[{"name":"wp","href":"https:\/\/api.w.org\/{rel}","templated":true}]}}